{"id":6450,"date":"2017-09-27T09:04:02","date_gmt":"2017-09-27T08:04:02","guid":{"rendered":"https:\/\/www.shop-in.fr\/apparence\/?page_id=6450"},"modified":"2018-04-27T15:44:55","modified_gmt":"2018-04-27T14:44:55","slug":"sorry","status":"publish","type":"page","link":"https:\/\/www.shop-in.fr\/apparence\/sorry\/","title":{"rendered":"Sorry"},"content":{"rendered":"<p style=\"text-align: center;\"><strong>D\u00e9sol\u00e9, l&rsquo;acc\u00e8s \u00e0 notre site internet vous est inaccessible<\/strong><br \/>\nV<em>otre adresse IP a \u00e9t\u00e9 enregistr\u00e9e et transf\u00e9r\u00e9e \u00e0 notre partenaire s\u00e9curit\u00e9 informatique<\/em><br \/>\n<em>Merci de votre compr\u00e9hension<\/em><\/p>\n<p style=\"text-align: center;\">\u2022<\/p>\n<p style=\"text-align: center;\"><strong>Sorry, you can&rsquo;t access our website<\/strong><br \/>\n<em>Your IP address has been registered and transferred to our IT security partner<\/em><br \/>\n<em>Thank you for your understanding<\/em><\/p>\n","protected":false},"excerpt":{"rendered":"<p>D\u00e9sol\u00e9, l&rsquo;acc\u00e8s \u00e0 notre site internet vous est inaccessible Votre adresse IP a \u00e9t\u00e9 enregistr\u00e9e et transf\u00e9r\u00e9e \u00e0 notre partenaire s\u00e9curit\u00e9 informatique Merci de votre compr\u00e9hension \u2022 Sorry, you can&rsquo;t access our website Your IP address has been registered and transferred to our IT security partner Thank you for your understanding<\/p>\n","protected":false},"author":1,"featured_media":0,"parent":0,"menu_order":0,"comment_status":"closed","ping_status":"closed","template":"","meta":{"footnotes":""},"class_list":["post-6450","page","type-page","status-publish","hentry"],"yoast_head":"<!-- This site is optimized with the Yoast SEO plugin v27.4 - https:\/\/yoast.com\/product\/yoast-seo-wordpress\/ -->\n<title>Sorry<\/title>\n<meta name=\"description\" content=\"Apparence freelance graphiste 44 et graphiste Saint-Nazaire Loire-Atlantique pour cr\u00e9ations communication print et site internet\" \/>\n<meta name=\"robots\" content=\"index, follow, max-snippet:-1, max-image-preview:large, max-video-preview:-1\" \/>\n<link rel=\"canonical\" href=\"https:\/\/www.shop-in.fr\/apparence\/sorry\/\" \/>\n<meta property=\"og:locale\" content=\"fr_FR\" \/>\n<meta property=\"og:type\" content=\"article\" \/>\n<meta property=\"og:title\" content=\"Sorry\" \/>\n<meta property=\"og:description\" content=\"Apparence freelance graphiste 44 et graphiste Saint-Nazaire Loire-Atlantique pour cr\u00e9ations communication print et site internet\" \/>\n<meta property=\"og:url\" content=\"https:\/\/www.shop-in.fr\/apparence\/sorry\/\" \/>\n<meta property=\"og:site_name\" content=\"Graphiste 44 | Graphiste Saint-Nazaire | APPARENCE\" \/>\n<meta property=\"article:publisher\" content=\"https:\/\/www.facebook.com\/apparence.olivier\" \/>\n<meta property=\"article:modified_time\" content=\"2018-04-27T14:44:55+00:00\" \/>\n<meta property=\"og:image\" content=\"https:\/\/www.shop-in.fr\/apparence\/wp-content\/uploads\/2014\/02\/cartes-apparence-communication.jpg\" \/>\n\t<meta property=\"og:image:width\" content=\"940\" \/>\n\t<meta property=\"og:image:height\" content=\"386\" \/>\n\t<meta property=\"og:image:type\" content=\"image\/jpeg\" \/>\n<script type=\"application\/ld+json\" class=\"yoast-schema-graph\">{\"@context\":\"https:\\\/\\\/schema.org\",\"@graph\":[{\"@type\":\"WebPage\",\"@id\":\"https:\\\/\\\/www.shop-in.fr\\\/apparence\\\/sorry\\\/\",\"url\":\"https:\\\/\\\/www.shop-in.fr\\\/apparence\\\/sorry\\\/\",\"name\":\"Sorry\",\"isPartOf\":{\"@id\":\"https:\\\/\\\/www.shop-in.fr\\\/apparence\\\/#website\"},\"datePublished\":\"2017-09-27T08:04:02+00:00\",\"dateModified\":\"2018-04-27T14:44:55+00:00\",\"description\":\"Apparence freelance graphiste 44 et graphiste Saint-Nazaire Loire-Atlantique pour cr\u00e9ations communication print et site internet\",\"breadcrumb\":{\"@id\":\"https:\\\/\\\/www.shop-in.fr\\\/apparence\\\/sorry\\\/#breadcrumb\"},\"inLanguage\":\"fr-FR\",\"potentialAction\":[{\"@type\":\"ReadAction\",\"target\":[\"https:\\\/\\\/www.shop-in.fr\\\/apparence\\\/sorry\\\/\"]}]},{\"@type\":\"BreadcrumbList\",\"@id\":\"https:\\\/\\\/www.shop-in.fr\\\/apparence\\\/sorry\\\/#breadcrumb\",\"itemListElement\":[{\"@type\":\"ListItem\",\"position\":1,\"name\":\"Accueil\",\"item\":\"https:\\\/\\\/www.shop-in.fr\\\/apparence\\\/\"},{\"@type\":\"ListItem\",\"position\":2,\"name\":\"Sorry\"}]},{\"@type\":\"WebSite\",\"@id\":\"https:\\\/\\\/www.shop-in.fr\\\/apparence\\\/#website\",\"url\":\"https:\\\/\\\/www.shop-in.fr\\\/apparence\\\/\",\"name\":\"Graphiste 44 | Graphiste Saint-Nazaire | APPARENCE\",\"description\":\"Apparence graphiste illustrateur et communication visuelle \u00e0 Saint-Nazaire en Loire Atlantique\",\"potentialAction\":[{\"@type\":\"SearchAction\",\"target\":{\"@type\":\"EntryPoint\",\"urlTemplate\":\"https:\\\/\\\/www.shop-in.fr\\\/apparence\\\/?s={search_term_string}\"},\"query-input\":{\"@type\":\"PropertyValueSpecification\",\"valueRequired\":true,\"valueName\":\"search_term_string\"}}],\"inLanguage\":\"fr-FR\"}]}<\/script>\n<!-- \/ Yoast SEO plugin. -->","yoast_head_json":{"title":"Sorry","description":"Apparence freelance graphiste 44 et graphiste Saint-Nazaire Loire-Atlantique pour cr\u00e9ations communication print et site internet","robots":{"index":"index","follow":"follow","max-snippet":"max-snippet:-1","max-image-preview":"max-image-preview:large","max-video-preview":"max-video-preview:-1"},"canonical":"https:\/\/www.shop-in.fr\/apparence\/sorry\/","og_locale":"fr_FR","og_type":"article","og_title":"Sorry","og_description":"Apparence freelance graphiste 44 et graphiste Saint-Nazaire Loire-Atlantique pour cr\u00e9ations communication print et site internet","og_url":"https:\/\/www.shop-in.fr\/apparence\/sorry\/","og_site_name":"Graphiste 44 | Graphiste Saint-Nazaire | APPARENCE","article_publisher":"https:\/\/www.facebook.com\/apparence.olivier","article_modified_time":"2018-04-27T14:44:55+00:00","og_image":[{"width":940,"height":386,"url":"https:\/\/www.shop-in.fr\/apparence\/wp-content\/uploads\/2014\/02\/cartes-apparence-communication.jpg","type":"image\/jpeg"}],"schema":{"@context":"https:\/\/schema.org","@graph":[{"@type":"WebPage","@id":"https:\/\/www.shop-in.fr\/apparence\/sorry\/","url":"https:\/\/www.shop-in.fr\/apparence\/sorry\/","name":"Sorry","isPartOf":{"@id":"https:\/\/www.shop-in.fr\/apparence\/#website"},"datePublished":"2017-09-27T08:04:02+00:00","dateModified":"2018-04-27T14:44:55+00:00","description":"Apparence freelance graphiste 44 et graphiste Saint-Nazaire Loire-Atlantique pour cr\u00e9ations communication print et site internet","breadcrumb":{"@id":"https:\/\/www.shop-in.fr\/apparence\/sorry\/#breadcrumb"},"inLanguage":"fr-FR","potentialAction":[{"@type":"ReadAction","target":["https:\/\/www.shop-in.fr\/apparence\/sorry\/"]}]},{"@type":"BreadcrumbList","@id":"https:\/\/www.shop-in.fr\/apparence\/sorry\/#breadcrumb","itemListElement":[{"@type":"ListItem","position":1,"name":"Accueil","item":"https:\/\/www.shop-in.fr\/apparence\/"},{"@type":"ListItem","position":2,"name":"Sorry"}]},{"@type":"WebSite","@id":"https:\/\/www.shop-in.fr\/apparence\/#website","url":"https:\/\/www.shop-in.fr\/apparence\/","name":"Graphiste 44 | Graphiste Saint-Nazaire | APPARENCE","description":"Apparence graphiste illustrateur et communication visuelle \u00e0 Saint-Nazaire en Loire Atlantique","potentialAction":[{"@type":"SearchAction","target":{"@type":"EntryPoint","urlTemplate":"https:\/\/www.shop-in.fr\/apparence\/?s={search_term_string}"},"query-input":{"@type":"PropertyValueSpecification","valueRequired":true,"valueName":"search_term_string"}}],"inLanguage":"fr-FR"}]}},"_links":{"self":[{"href":"https:\/\/www.shop-in.fr\/apparence\/wp-json\/wp\/v2\/pages\/6450","targetHints":{"allow":["GET"]}}],"collection":[{"href":"https:\/\/www.shop-in.fr\/apparence\/wp-json\/wp\/v2\/pages"}],"about":[{"href":"https:\/\/www.shop-in.fr\/apparence\/wp-json\/wp\/v2\/types\/page"}],"author":[{"embeddable":true,"href":"https:\/\/www.shop-in.fr\/apparence\/wp-json\/wp\/v2\/users\/1"}],"replies":[{"embeddable":true,"href":"https:\/\/www.shop-in.fr\/apparence\/wp-json\/wp\/v2\/comments?post=6450"}],"version-history":[{"count":0,"href":"https:\/\/www.shop-in.fr\/apparence\/wp-json\/wp\/v2\/pages\/6450\/revisions"}],"wp:attachment":[{"href":"https:\/\/www.shop-in.fr\/apparence\/wp-json\/wp\/v2\/media?parent=6450"}],"curies":[{"name":"wp","href":"https:\/\/api.w.org\/{rel}","templated":true}]}}